{"id":301,"date":"2023-11-26T20:48:51","date_gmt":"2023-11-27T02:48:51","guid":{"rendered":"https:\/\/thephronesis.one\/?page_id=301"},"modified":"2023-11-28T22:12:17","modified_gmt":"2023-11-29T04:12:17","slug":"blog","status":"publish","type":"page","link":"https:\/\/thephronesis.one\/en\/blog\/","title":{"rendered":"Blog"},"content":{"rendered":"<div data-elementor-type=\"wp-page\" data-elementor-id=\"301\" class=\"elementor elementor-301\" data-elementor-post-type=\"page\">\n\t\t\t\t<div class=\"elementor-element elementor-element-884c223 e-flex e-con-boxed e-con e-parent\" data-id=\"884c223\" data-element_type=\"container\" data-e-type=\"container\">\n\t\t\t\t\t<div class=\"e-con-inner\">\n\t\t<div class=\"elementor-element elementor-element-29c92dd e-flex e-con-boxed e-con e-child\" data-id=\"29c92dd\" data-element_type=\"container\" data-e-type=\"container\">\n\t\t\t\t\t<div class=\"e-con-inner\">\n\t\t\t\t<div class=\"elementor-element elementor-element-de4f148 elementor-widget elementor-widget-heading\" data-id=\"de4f148\" data-element_type=\"widget\" data-e-type=\"widget\" data-widget_type=\"heading.default\">\n\t\t\t\t<div class=\"elementor-widget-container\">\n\t\t\t\t\t<h2 class=\"elementor-heading-title elementor-size-default\">OUR BLOG<\/h2>\t\t\t\t<\/div>\n\t\t\t\t<\/div>\n\t\t\t\t\t<\/div>\n\t\t\t\t<\/div>\n\t\t\t\t\t<\/div>\n\t\t\t\t<\/div>\n\t\t<div class=\"elementor-element elementor-element-a9f964b e-flex e-con-boxed e-con e-parent\" data-id=\"a9f964b\" data-element_type=\"container\" data-e-type=\"container\">\n\t\t\t\t\t<div class=\"e-con-inner\">\n\t\t<div class=\"elementor-element elementor-element-19b0a0a e-con-full e-flex e-con e-child\" data-id=\"19b0a0a\" data-element_type=\"container\" data-e-type=\"container\">\n\t\t\t\t<div class=\"elementor-element elementor-element-2643aaf elementor-widget elementor-widget-image\" data-id=\"2643aaf\" data-element_type=\"widget\" data-e-type=\"widget\" data-widget_type=\"image.default\">\n\t\t\t\t<div class=\"elementor-widget-container\">\n\t\t\t\t\t\t\t\t\t\t\t\t\t\t\t<img decoding=\"async\" width=\"200\" height=\"200\" src=\"https:\/\/thephronesis.one\/wp-content\/uploads\/2023\/11\/blog-1-1-2.jpg\" class=\"attachment-large size-large wp-image-603\" alt=\"\" srcset=\"https:\/\/thephronesis.one\/wp-content\/uploads\/2023\/11\/blog-1-1-2.jpg 200w, https:\/\/thephronesis.one\/wp-content\/uploads\/2023\/11\/blog-1-1-2-150x150.jpg 150w\" sizes=\"(max-width: 200px) 100vw, 200px\" \/>\t\t\t\t\t\t\t\t\t\t\t\t\t\t\t<\/div>\n\t\t\t\t<\/div>\n\t\t\t\t<\/div>\n\t\t<div class=\"elementor-element elementor-element-6085723 e-flex e-con-boxed e-con e-child\" data-id=\"6085723\" data-element_type=\"container\" data-e-type=\"container\">\n\t\t\t\t\t<div class=\"e-con-inner\">\n\t\t\t\t<div class=\"elementor-element elementor-element-d243ec0 elementor-widget elementor-widget-text-editor\" data-id=\"d243ec0\" data-element_type=\"widget\" data-e-type=\"widget\" data-widget_type=\"text-editor.default\">\n\t\t\t\t<div class=\"elementor-widget-container\">\n\t\t\t\t\t\t\t\t\t<div class=\"x-el x-el-div c2-1 c2-2 c2-g c2-2w c2-2x c2-17 c2-2y c2-2z c2-30 c2-3 c2-4 c2-31 c2-32 c2-5 c2-6 c2-7 c2-8\" data-ux=\"Group\" data-aid=\"RSS_FEED_RENDERED_0\"><div class=\"x-el x-el-div c2-1 c2-2 c2-3f c2-1d c2-3 c2-4 c2-3g c2-3h c2-3i c2-3j c2-3k c2-5 c2-6 c2-7 c2-8\" data-ux=\"Block\"><div class=\"x-el x-el-div c2-1 c2-2 c2-1l c2-3 c2-4 c2-5 c2-6 c2-7 c2-8\" data-ux=\"Block\"><p class=\"x-el x-el-p c2-1 c2-2 c2-1x c2-1y c2-3l c2-15 c2-17 c2-3 c2-11 c2-3m c2-26 c2-3n c2-3o c2-3p c2-3q\" data-ux=\"Details\" data-aid=\"RSS_FEED_POST_DATE_RENDERED\" data-typography=\"DetailsAlpha\">8 October 2023<\/p><\/div><\/div><\/div>\t\t\t\t\t\t\t\t<\/div>\n\t\t\t\t<\/div>\n\t\t\t\t<div class=\"elementor-element elementor-element-4e576e1 elementor-widget elementor-widget-heading\" data-id=\"4e576e1\" data-element_type=\"widget\" data-e-type=\"widget\" data-widget_type=\"heading.default\">\n\t\t\t\t<div class=\"elementor-widget-container\">\n\t\t\t\t\t<h2 class=\"elementor-heading-title elementor-size-default\">How Business Intelligence Transformed PepsiCo<\/h2>\t\t\t\t<\/div>\n\t\t\t\t<\/div>\n\t\t\t\t<div class=\"elementor-element elementor-element-41a2112 elementor-widget elementor-widget-text-editor\" data-id=\"41a2112\" data-element_type=\"widget\" data-e-type=\"widget\" data-widget_type=\"text-editor.default\">\n\t\t\t\t<div class=\"elementor-widget-container\">\n\t\t\t\t\t\t\t\t\t<p>In the highly competitive world of consumer packaged goods (CPG), one of the keys to success is making informed and fast decisions. In this blog, we will explore how business intelligence (BI) is\u2026<\/p>\t\t\t\t\t\t\t\t<\/div>\n\t\t\t\t<\/div>\n\t\t\t\t<div class=\"elementor-element elementor-element-018951b elementor-widget elementor-widget-text-editor\" data-id=\"018951b\" data-element_type=\"widget\" data-e-type=\"widget\" data-widget_type=\"text-editor.default\">\n\t\t\t\t<div class=\"elementor-widget-container\">\n\t\t\t\t\t\t\t\t\t<p><a href=\"https:\/\/thephronesis.one\/en\/2023\/11\/paginablog\/\">Continue Reading<\/a><\/p>\t\t\t\t\t\t\t\t<\/div>\n\t\t\t\t<\/div>\n\t\t\t\t\t<\/div>\n\t\t\t\t<\/div>\n\t\t<div class=\"elementor-element elementor-element-c36030e e-con-full e-flex e-con e-child\" data-id=\"c36030e\" data-element_type=\"container\" data-e-type=\"container\">\n\t\t\t\t<div class=\"elementor-element elementor-element-e985197 elementor-widget elementor-widget-heading\" data-id=\"e985197\" data-element_type=\"widget\" data-e-type=\"widget\" data-widget_type=\"heading.default\">\n\t\t\t\t<div class=\"elementor-widget-container\">\n\t\t\t\t\t<h2 class=\"elementor-heading-title elementor-size-default\">Categories<\/h2>\t\t\t\t<\/div>\n\t\t\t\t<\/div>\n\t\t\t\t<div class=\"elementor-element elementor-element-ebfde5a elementor-widget elementor-widget-text-editor\" data-id=\"ebfde5a\" data-element_type=\"widget\" data-e-type=\"widget\" data-widget_type=\"text-editor.default\">\n\t\t\t\t<div class=\"elementor-widget-container\">\n\t\t\t\t\t\t\t\t\t<p>All Posts<\/p>\t\t\t\t\t\t\t\t<\/div>\n\t\t\t\t<\/div>\n\t\t\t\t<div class=\"elementor-element elementor-element-a5e5396 elementor-widget elementor-widget-text-editor\" data-id=\"a5e5396\" data-element_type=\"widget\" data-e-type=\"widget\" data-widget_type=\"text-editor.default\">\n\t\t\t\t<div class=\"elementor-widget-container\">\n\t\t\t\t\t\t\t\t\t<p>Blog &#8211; PepsiCo<\/p>\t\t\t\t\t\t\t\t<\/div>\n\t\t\t\t<\/div>\n\t\t\t\t<\/div>\n\t\t\t\t\t<\/div>\n\t\t\t\t<\/div>\n\t\t\t\t<\/div>","protected":false},"excerpt":{"rendered":"<p>NUESTRO BLOG 8 October 2023 Como la Inteligencia de Negocios Transform\u00f3 a PepsiCo En el altamente competitivo mundo de los bienes de consumo empacados (CPG), una de las claves para el \u00e9xito es tomar decisiones informadas y r\u00e1pidas. En este blog, exploraremos c\u00f3mo la inteligencia de negocios (BI) se&#8230; Continue Reading Categories All Posts Blog [&hellip;]<\/p>\n","protected":false},"author":1,"featured_media":0,"parent":0,"menu_order":0,"comment_status":"closed","ping_status":"closed","template":"","meta":{"site-sidebar-layout":"no-sidebar","site-content-layout":"","ast-site-content-layout":"full-width-container","site-content-style":"default","site-sidebar-style":"default","ast-global-header-display":"","ast-banner-title-visibility":"","ast-main-header-display":"","ast-hfb-above-header-display":"","ast-hfb-below-header-display":"","ast-hfb-mobile-header-display":"","site-post-title":"disabled","ast-breadcrumbs-content":"","ast-featured-img":"disabled","footer-sml-layout":"","ast-disable-related-posts":"","theme-transparent-header-meta":"","adv-header-id-meta":"","stick-header-meta":"","header-above-stick-meta":"","header-main-stick-meta":"","header-below-stick-meta":"","astra-migrate-meta-layouts":"default","ast-page-background-enabled":"default","ast-page-background-meta":{"desktop":{"background-color":"var(--ast-global-color-4)","background-image":"","background-repeat":"repeat","background-position":"center center","background-size":"auto","background-attachment":"scroll","background-type":"","background-media":"","overlay-type":"","overlay-color":"","overlay-opacity":"","overlay-gradient":""},"tablet":{"background-color":"","background-image":"","background-repeat":"repeat","background-position":"center center","background-size":"auto","background-attachment":"scroll","background-type":"","background-media":"","overlay-type":"","overlay-color":"","overlay-opacity":"","overlay-gradient":""},"mobile":{"background-color":"","background-image":"","background-repeat":"repeat","background-position":"center center","background-size":"auto","background-attachment":"scroll","background-type":"","background-media":"","overlay-type":"","overlay-color":"","overlay-opacity":"","overlay-gradient":""}},"ast-content-background-meta":{"desktop":{"background-color":"var(--ast-global-color-5)","background-image":"","background-repeat":"repeat","background-position":"center center","background-size":"auto","background-attachment":"scroll","background-type":"","background-media":"","overlay-type":"","overlay-color":"","overlay-opacity":"","overlay-gradient":""},"tablet":{"background-color":"var(--ast-global-color-5)","background-image":"","background-repeat":"repeat","background-position":"center center","background-size":"auto","background-attachment":"scroll","background-type":"","background-media":"","overlay-type":"","overlay-color":"","overlay-opacity":"","overlay-gradient":""},"mobile":{"background-color":"var(--ast-global-color-5)","background-image":"","background-repeat":"repeat","background-position":"center center","background-size":"auto","background-attachment":"scroll","background-type":"","background-media":"","overlay-type":"","overlay-color":"","overlay-opacity":"","overlay-gradient":""}},"footnotes":""},"class_list":["post-301","page","type-page","status-publish","hentry"],"_links":{"self":[{"href":"https:\/\/thephronesis.one\/en\/wp-json\/wp\/v2\/pages\/301","targetHints":{"allow":["GET"]}}],"collection":[{"href":"https:\/\/thephronesis.one\/en\/wp-json\/wp\/v2\/pages"}],"about":[{"href":"https:\/\/thephronesis.one\/en\/wp-json\/wp\/v2\/types\/page"}],"author":[{"embeddable":true,"href":"https:\/\/thephronesis.one\/en\/wp-json\/wp\/v2\/users\/1"}],"replies":[{"embeddable":true,"href":"https:\/\/thephronesis.one\/en\/wp-json\/wp\/v2\/comments?post=301"}],"version-history":[{"count":21,"href":"https:\/\/thephronesis.one\/en\/wp-json\/wp\/v2\/pages\/301\/revisions"}],"predecessor-version":[{"id":647,"href":"https:\/\/thephronesis.one\/en\/wp-json\/wp\/v2\/pages\/301\/revisions\/647"}],"wp:attachment":[{"href":"https:\/\/thephronesis.one\/en\/wp-json\/wp\/v2\/media?parent=301"}],"curies":[{"name":"wp","href":"https:\/\/api.w.org\/{rel}","templated":true}]}}